{"id":13827,"date":"2017-08-31T09:32:09","date_gmt":"2017-08-31T09:32:09","guid":{"rendered":"https:\/\/consulting.vamtam.com\/?page_id=13827"},"modified":"2025-09-15T00:05:29","modified_gmt":"2025-09-15T00:05:29","slug":"financial-modern","status":"publish","type":"page","link":"https:\/\/utopiave.com\/","title":{"rendered":"Financial Advisors Modern"},"content":{"rendered":"<div class=\"vgblk-rw-wrapper limit-wrapper\">\n<h3>\n\tInnovaci\u00f3n \n\t<\/h3>\n\t<p>En Utop\u00eda no solo innovamos agregando productos \u00f3 servicios a nuestra empresa, sino que tambi\u00e9n innovamos de una manera sostenible en todas las \u00e1reas del negocio, en el que todos los involucrados ganan.<\/p>\n<h3>\n\tEficiencia y Efectividad\n\t<\/h3>\n\t<p>Utop\u00eda centra su productividad en no hacer m\u00e1s cosas, sino hacer las cosas correctas, en el tiempo, costo y cumplimiento de metas y objetivos establecidos.<\/p>\n<h3>\n\t\u00c9tica Profesional\n\t<\/h3>\n\t\nEn Utop\u00eda trabajamos con los mas altos est\u00e1ndares de integridad y \u00e9tica profesional en todo lo que expresamos y hacemos. Haremos lo que es correcto, no solo lo que est\u00e1 permitido.\n<h2>\n\tFilosof\u00eda Empresarial\n\t<\/h2>\n<h5>\n\t\u00bfDeseas formar parte de nuestro equipo \u00f3 m\u00e1s informaci\u00f3n sobre nuestra empresa?\n\t<\/h5>\n\t<a href=\"https:\/\/utopiave.com\/?page_id=11412\" target=\"_self\" role=\"button\">\n\t\t\t\t\tEnv\u00edanos un mensaje directo\n\t<\/a>\n<h3>\n\tNuestras Sedes\n\t<\/h3>\n\t<p>Vea nuestras ubicaciones alrededor del mundo y encuentre detalles de contacto de su oficina m\u00e1s cercana.<\/p>\n<h3>\n\tEscribanos \n\t<\/h3>\n\t<p>Puede ponerse en contacto con nosotros rellenando este formulario en cualquier momento que necesite asistencia profesional.<\/p>\n<h3>\n\tAliados\n\t<\/h3>\n\t<p>\u00danase a nuestra organizaci\u00f3n, sea parte de una empresa solida con una posici\u00f3n \u00fanica en el pa\u00eds.<\/p>\n\n<\/div><!-- .vgblk-rw-wrapper -->","protected":false},"excerpt":{"rendered":"<p>Innovaci\u00f3n En Utop\u00eda no solo innovamos agregando productos \u00f3 servicios a nuestra empresa, sino que tambi\u00e9n innovamos de una manera sostenible en todas las \u00e1reas del negocio, en el que&#8230;<\/p>\n","protected":false},"author":1,"featured_media":0,"parent":0,"menu_order":0,"comment_status":"closed","ping_status":"closed","template":"","meta":{"_price":"","_stock":"","_tribe_ticket_header":"","_tribe_default_ticket_provider":"","_tribe_ticket_capacity":"0","_ticket_start_date":"","_ticket_end_date":"","_tribe_ticket_show_description":"","_tribe_ticket_show_not_going":false,"_tribe_ticket_use_global_stock":"","_tribe_ticket_global_stock_level":"","_global_stock_mode":"","_global_stock_cap":"","_tribe_rsvp_for_event":"","_tribe_ticket_going_count":"","_tribe_ticket_not_going_count":"","_tribe_tickets_list":"[]","_tribe_ticket_has_attendee_info_fields":false,"footnotes":""},"class_list":["post-13827","page","type-page","status-publish","hentry"],"yoast_head":"<!-- This site is optimized with the Yoast SEO plugin v25.9 - https:\/\/yoast.com\/wordpress\/plugins\/seo\/ -->\n<title>Financial Advisors Modern - UTOPIA INTERNATIONAL 77, C.A<\/title>\n<meta name=\"robots\" content=\"index, follow, max-snippet:-1, max-image-preview:large, max-video-preview:-1\" \/>\n<link rel=\"canonical\" href=\"https:\/\/utopiave.com\/\" \/>\n<meta property=\"og:locale\" content=\"es_ES\" \/>\n<meta property=\"og:type\" content=\"article\" \/>\n<meta property=\"og:title\" content=\"Financial Advisors Modern - UTOPIA INTERNATIONAL 77, C.A\" \/>\n<meta property=\"og:description\" content=\"Innovaci\u00f3n En Utop\u00eda no solo innovamos agregando productos \u00f3 servicios a nuestra empresa, sino que tambi\u00e9n innovamos de una manera sostenible en todas las \u00e1reas del negocio, en el que...\" \/>\n<meta property=\"og:url\" content=\"https:\/\/utopiave.com\/\" \/>\n<meta property=\"og:site_name\" content=\"UTOPIA INTERNATIONAL 77, C.A\" \/>\n<meta property=\"article:modified_time\" content=\"2025-09-15T00:05:29+00:00\" \/>\n<meta name=\"twitter:card\" content=\"summary_large_image\" \/>\n<meta name=\"twitter:label1\" content=\"Tiempo de lectura\" \/>\n\t<meta name=\"twitter:data1\" content=\"1 minuto\" \/>\n<script type=\"application\/ld+json\" class=\"yoast-schema-graph\">{\"@context\":\"https:\/\/schema.org\",\"@graph\":[{\"@type\":\"WebPage\",\"@id\":\"https:\/\/utopiave.com\/\",\"url\":\"https:\/\/utopiave.com\/\",\"name\":\"Financial Advisors Modern - UTOPIA INTERNATIONAL 77, C.A\",\"isPartOf\":{\"@id\":\"https:\/\/utopiave.com\/#website\"},\"datePublished\":\"2017-08-31T09:32:09+00:00\",\"dateModified\":\"2025-09-15T00:05:29+00:00\",\"breadcrumb\":{\"@id\":\"https:\/\/utopiave.com\/#breadcrumb\"},\"inLanguage\":\"es\",\"potentialAction\":[{\"@type\":\"ReadAction\",\"target\":[\"https:\/\/utopiave.com\/\"]}]},{\"@type\":\"BreadcrumbList\",\"@id\":\"https:\/\/utopiave.com\/#breadcrumb\",\"itemListElement\":[{\"@type\":\"ListItem\",\"position\":1,\"name\":\"Portada\",\"item\":\"https:\/\/utopiave.com\/\"},{\"@type\":\"ListItem\",\"position\":2,\"name\":\"Financial Advisors Modern\"}]},{\"@type\":\"WebSite\",\"@id\":\"https:\/\/utopiave.com\/#website\",\"url\":\"https:\/\/utopiave.com\/\",\"name\":\"UTOPIA INTERNATIONAL 77, C.A\",\"description\":\"\",\"publisher\":{\"@id\":\"https:\/\/utopiave.com\/#organization\"},\"potentialAction\":[{\"@type\":\"SearchAction\",\"target\":{\"@type\":\"EntryPoint\",\"urlTemplate\":\"https:\/\/utopiave.com\/?s={search_term_string}\"},\"query-input\":{\"@type\":\"PropertyValueSpecification\",\"valueRequired\":true,\"valueName\":\"search_term_string\"}}],\"inLanguage\":\"es\"},{\"@type\":\"Organization\",\"@id\":\"https:\/\/utopiave.com\/#organization\",\"name\":\"UTOPIA INTERNATIONAL 77, C.A\",\"url\":\"https:\/\/utopiave.com\/\",\"logo\":{\"@type\":\"ImageObject\",\"inLanguage\":\"es\",\"@id\":\"https:\/\/utopiave.com\/#\/schema\/logo\/image\/\",\"url\":\"https:\/\/utopiave.com\/wp-content\/uploads\/2024\/09\/cropped-LOGO-UTOPIA-CON-RIF.png\",\"contentUrl\":\"https:\/\/utopiave.com\/wp-content\/uploads\/2024\/09\/cropped-LOGO-UTOPIA-CON-RIF.png\",\"width\":500,\"height\":288,\"caption\":\"UTOPIA INTERNATIONAL 77, C.A\"},\"image\":{\"@id\":\"https:\/\/utopiave.com\/#\/schema\/logo\/image\/\"}}]}<\/script>\n<!-- \/ Yoast SEO plugin. -->","yoast_head_json":{"title":"Financial Advisors Modern - UTOPIA INTERNATIONAL 77, C.A","robots":{"index":"index","follow":"follow","max-snippet":"max-snippet:-1","max-image-preview":"max-image-preview:large","max-video-preview":"max-video-preview:-1"},"canonical":"https:\/\/utopiave.com\/","og_locale":"es_ES","og_type":"article","og_title":"Financial Advisors Modern - UTOPIA INTERNATIONAL 77, C.A","og_description":"Innovaci\u00f3n En Utop\u00eda no solo innovamos agregando productos \u00f3 servicios a nuestra empresa, sino que tambi\u00e9n innovamos de una manera sostenible en todas las \u00e1reas del negocio, en el que...","og_url":"https:\/\/utopiave.com\/","og_site_name":"UTOPIA INTERNATIONAL 77, C.A","article_modified_time":"2025-09-15T00:05:29+00:00","twitter_card":"summary_large_image","twitter_misc":{"Tiempo de lectura":"1 minuto"},"schema":{"@context":"https:\/\/schema.org","@graph":[{"@type":"WebPage","@id":"https:\/\/utopiave.com\/","url":"https:\/\/utopiave.com\/","name":"Financial Advisors Modern - UTOPIA INTERNATIONAL 77, C.A","isPartOf":{"@id":"https:\/\/utopiave.com\/#website"},"datePublished":"2017-08-31T09:32:09+00:00","dateModified":"2025-09-15T00:05:29+00:00","breadcrumb":{"@id":"https:\/\/utopiave.com\/#breadcrumb"},"inLanguage":"es","potentialAction":[{"@type":"ReadAction","target":["https:\/\/utopiave.com\/"]}]},{"@type":"BreadcrumbList","@id":"https:\/\/utopiave.com\/#breadcrumb","itemListElement":[{"@type":"ListItem","position":1,"name":"Portada","item":"https:\/\/utopiave.com\/"},{"@type":"ListItem","position":2,"name":"Financial Advisors Modern"}]},{"@type":"WebSite","@id":"https:\/\/utopiave.com\/#website","url":"https:\/\/utopiave.com\/","name":"UTOPIA INTERNATIONAL 77, C.A","description":"","publisher":{"@id":"https:\/\/utopiave.com\/#organization"},"potentialAction":[{"@type":"SearchAction","target":{"@type":"EntryPoint","urlTemplate":"https:\/\/utopiave.com\/?s={search_term_string}"},"query-input":{"@type":"PropertyValueSpecification","valueRequired":true,"valueName":"search_term_string"}}],"inLanguage":"es"},{"@type":"Organization","@id":"https:\/\/utopiave.com\/#organization","name":"UTOPIA INTERNATIONAL 77, C.A","url":"https:\/\/utopiave.com\/","logo":{"@type":"ImageObject","inLanguage":"es","@id":"https:\/\/utopiave.com\/#\/schema\/logo\/image\/","url":"https:\/\/utopiave.com\/wp-content\/uploads\/2024\/09\/cropped-LOGO-UTOPIA-CON-RIF.png","contentUrl":"https:\/\/utopiave.com\/wp-content\/uploads\/2024\/09\/cropped-LOGO-UTOPIA-CON-RIF.png","width":500,"height":288,"caption":"UTOPIA INTERNATIONAL 77, C.A"},"image":{"@id":"https:\/\/utopiave.com\/#\/schema\/logo\/image\/"}}]}},"_links":{"self":[{"href":"https:\/\/utopiave.com\/index.php?rest_route=\/wp\/v2\/pages\/13827","targetHints":{"allow":["GET"]}}],"collection":[{"href":"https:\/\/utopiave.com\/index.php?rest_route=\/wp\/v2\/pages"}],"about":[{"href":"https:\/\/utopiave.com\/index.php?rest_route=\/wp\/v2\/types\/page"}],"author":[{"embeddable":true,"href":"https:\/\/utopiave.com\/index.php?rest_route=\/wp\/v2\/users\/1"}],"replies":[{"embeddable":true,"href":"https:\/\/utopiave.com\/index.php?rest_route=%2Fwp%2Fv2%2Fcomments&post=13827"}],"version-history":[{"count":8,"href":"https:\/\/utopiave.com\/index.php?rest_route=\/wp\/v2\/pages\/13827\/revisions"}],"predecessor-version":[{"id":987835,"href":"https:\/\/utopiave.com\/index.php?rest_route=\/wp\/v2\/pages\/13827\/revisions\/987835"}],"wp:attachment":[{"href":"https:\/\/utopiave.com\/index.php?rest_route=%2Fwp%2Fv2%2Fmedia&parent=13827"}],"curies":[{"name":"wp","href":"https:\/\/api.w.org\/{rel}","templated":true}]}}