{"id":11412,"date":"2016-12-05T16:27:47","date_gmt":"2016-12-05T16:27:47","guid":{"rendered":"https:\/\/consulting.vamtam.com\/?page_id=11412"},"modified":"2025-09-14T23:52:49","modified_gmt":"2025-09-14T23:52:49","slug":"contact","status":"publish","type":"page","link":"https:\/\/utopiave.com\/?page_id=11412","title":{"rendered":"Cont\u00e1ctanos"},"content":{"rendered":"<div class=\"vgblk-rw-wrapper limit-wrapper\">\n<h4>\n\tGracias por su inter\u00e9s. Complete el siguiente formulario para solicitar informaci\u00f3n sobre nuestra empresa\n\t<\/h4>\n\tAviso: Se requiere JavaScript para este contenido.\n        <!-- That data is being printed as a workaround to page builders reordering the order of the scripts loaded-->\n        <h4>\n\t+58 02122673287\n\t<\/h4>\n<h4>\n\tinfo@utopiave.com\n\t<\/h4>\n<h4>\n\tVenezuela\n\t<\/h4>\n\t<p>Av. Blandin Calle San Marino C.C Mata. Piso 3 Oficina P3E Urbanizaci\u00f3n San Marino, Edo. Miranda C\u00f3digo Postal 1060<\/p>\n\t<a href=\"https:\/\/maps.app.goo.gl\/gQabC62hz9SDPzPB7\" target=\"_self\" role=\"button\">\n\t\t\t\t\tObtener Direcci\u00f3n \n\t<\/a>\n\t\t<iframe src=\"https:\/\/maps.google.com\/maps?q=F4WR%2BMQ6%2C+Av.+Bland%C3%ADn%2C+Caracas+1060%2C+Miranda&#038;iwloc=near&#038;output=embed\" height=\"430\" frameborder=\"0\" loading=\"lazy\"><\/iframe>\n\n<\/div><!-- .vgblk-rw-wrapper -->","protected":false},"excerpt":{"rendered":"<p>Gracias por su inter\u00e9s. Complete el siguiente formulario para solicitar informaci\u00f3n sobre nuestra empresa Aviso: Se requiere JavaScript para este contenido. +58 02122673287 info@utopiave.com Venezuela Av. Blandin Calle San Marino&#8230;<\/p>\n","protected":false},"author":1,"featured_media":0,"parent":0,"menu_order":0,"comment_status":"closed","ping_status":"closed","template":"","meta":{"_price":"","_stock":"","_tribe_ticket_header":"","_tribe_default_ticket_provider":"","_tribe_ticket_capacity":"0","_ticket_start_date":"","_ticket_end_date":"","_tribe_ticket_show_description":"","_tribe_ticket_show_not_going":false,"_tribe_ticket_use_global_stock":"","_tribe_ticket_global_stock_level":"","_global_stock_mode":"","_global_stock_cap":"","_tribe_rsvp_for_event":"","_tribe_ticket_going_count":"","_tribe_ticket_not_going_count":"","_tribe_tickets_list":"[]","_tribe_ticket_has_attendee_info_fields":false,"footnotes":""},"class_list":["post-11412","page","type-page","status-publish","hentry"],"yoast_head":"<!-- This site is optimized with the Yoast SEO plugin v25.9 - https:\/\/yoast.com\/wordpress\/plugins\/seo\/ -->\n<title>Cont\u00e1ctanos - UTOPIA INTERNATIONAL 77, C.A<\/title>\n<meta name=\"robots\" content=\"index, follow, max-snippet:-1, max-image-preview:large, max-video-preview:-1\" \/>\n<link rel=\"canonical\" href=\"https:\/\/utopiave.com\/?page_id=11412\" \/>\n<meta property=\"og:locale\" content=\"es_ES\" \/>\n<meta property=\"og:type\" content=\"article\" \/>\n<meta property=\"og:title\" content=\"Cont\u00e1ctanos - UTOPIA INTERNATIONAL 77, C.A\" \/>\n<meta property=\"og:description\" content=\"Gracias por su inter\u00e9s. Complete el siguiente formulario para solicitar informaci\u00f3n sobre nuestra empresa Aviso: Se requiere JavaScript para este contenido. +58 02122673287 info@utopiave.com Venezuela Av. Blandin Calle San Marino...\" \/>\n<meta property=\"og:url\" content=\"https:\/\/utopiave.com\/?page_id=11412\" \/>\n<meta property=\"og:site_name\" content=\"UTOPIA INTERNATIONAL 77, C.A\" \/>\n<meta property=\"article:modified_time\" content=\"2025-09-14T23:52:49+00:00\" \/>\n<meta name=\"twitter:card\" content=\"summary_large_image\" \/>\n<script type=\"application\/ld+json\" class=\"yoast-schema-graph\">{\"@context\":\"https:\/\/schema.org\",\"@graph\":[{\"@type\":\"WebPage\",\"@id\":\"https:\/\/utopiave.com\/?page_id=11412\",\"url\":\"https:\/\/utopiave.com\/?page_id=11412\",\"name\":\"Cont\u00e1ctanos - UTOPIA INTERNATIONAL 77, C.A\",\"isPartOf\":{\"@id\":\"https:\/\/utopiave.com\/#website\"},\"datePublished\":\"2016-12-05T16:27:47+00:00\",\"dateModified\":\"2025-09-14T23:52:49+00:00\",\"breadcrumb\":{\"@id\":\"https:\/\/utopiave.com\/?page_id=11412#breadcrumb\"},\"inLanguage\":\"es\",\"potentialAction\":[{\"@type\":\"ReadAction\",\"target\":[\"https:\/\/utopiave.com\/?page_id=11412\"]}]},{\"@type\":\"BreadcrumbList\",\"@id\":\"https:\/\/utopiave.com\/?page_id=11412#breadcrumb\",\"itemListElement\":[{\"@type\":\"ListItem\",\"position\":1,\"name\":\"Portada\",\"item\":\"https:\/\/utopiave.com\/\"},{\"@type\":\"ListItem\",\"position\":2,\"name\":\"Cont\u00e1ctanos\"}]},{\"@type\":\"WebSite\",\"@id\":\"https:\/\/utopiave.com\/#website\",\"url\":\"https:\/\/utopiave.com\/\",\"name\":\"UTOPIA INTERNATIONAL 77, C.A\",\"description\":\"\",\"publisher\":{\"@id\":\"https:\/\/utopiave.com\/#organization\"},\"potentialAction\":[{\"@type\":\"SearchAction\",\"target\":{\"@type\":\"EntryPoint\",\"urlTemplate\":\"https:\/\/utopiave.com\/?s={search_term_string}\"},\"query-input\":{\"@type\":\"PropertyValueSpecification\",\"valueRequired\":true,\"valueName\":\"search_term_string\"}}],\"inLanguage\":\"es\"},{\"@type\":\"Organization\",\"@id\":\"https:\/\/utopiave.com\/#organization\",\"name\":\"UTOPIA INTERNATIONAL 77, C.A\",\"url\":\"https:\/\/utopiave.com\/\",\"logo\":{\"@type\":\"ImageObject\",\"inLanguage\":\"es\",\"@id\":\"https:\/\/utopiave.com\/#\/schema\/logo\/image\/\",\"url\":\"https:\/\/utopiave.com\/wp-content\/uploads\/2024\/09\/cropped-LOGO-UTOPIA-CON-RIF.png\",\"contentUrl\":\"https:\/\/utopiave.com\/wp-content\/uploads\/2024\/09\/cropped-LOGO-UTOPIA-CON-RIF.png\",\"width\":500,\"height\":288,\"caption\":\"UTOPIA INTERNATIONAL 77, C.A\"},\"image\":{\"@id\":\"https:\/\/utopiave.com\/#\/schema\/logo\/image\/\"}}]}<\/script>\n<!-- \/ Yoast SEO plugin. -->","yoast_head_json":{"title":"Cont\u00e1ctanos - UTOPIA INTERNATIONAL 77, C.A","robots":{"index":"index","follow":"follow","max-snippet":"max-snippet:-1","max-image-preview":"max-image-preview:large","max-video-preview":"max-video-preview:-1"},"canonical":"https:\/\/utopiave.com\/?page_id=11412","og_locale":"es_ES","og_type":"article","og_title":"Cont\u00e1ctanos - UTOPIA INTERNATIONAL 77, C.A","og_description":"Gracias por su inter\u00e9s. Complete el siguiente formulario para solicitar informaci\u00f3n sobre nuestra empresa Aviso: Se requiere JavaScript para este contenido. +58 02122673287 info@utopiave.com Venezuela Av. Blandin Calle San Marino...","og_url":"https:\/\/utopiave.com\/?page_id=11412","og_site_name":"UTOPIA INTERNATIONAL 77, C.A","article_modified_time":"2025-09-14T23:52:49+00:00","twitter_card":"summary_large_image","schema":{"@context":"https:\/\/schema.org","@graph":[{"@type":"WebPage","@id":"https:\/\/utopiave.com\/?page_id=11412","url":"https:\/\/utopiave.com\/?page_id=11412","name":"Cont\u00e1ctanos - UTOPIA INTERNATIONAL 77, C.A","isPartOf":{"@id":"https:\/\/utopiave.com\/#website"},"datePublished":"2016-12-05T16:27:47+00:00","dateModified":"2025-09-14T23:52:49+00:00","breadcrumb":{"@id":"https:\/\/utopiave.com\/?page_id=11412#breadcrumb"},"inLanguage":"es","potentialAction":[{"@type":"ReadAction","target":["https:\/\/utopiave.com\/?page_id=11412"]}]},{"@type":"BreadcrumbList","@id":"https:\/\/utopiave.com\/?page_id=11412#breadcrumb","itemListElement":[{"@type":"ListItem","position":1,"name":"Portada","item":"https:\/\/utopiave.com\/"},{"@type":"ListItem","position":2,"name":"Cont\u00e1ctanos"}]},{"@type":"WebSite","@id":"https:\/\/utopiave.com\/#website","url":"https:\/\/utopiave.com\/","name":"UTOPIA INTERNATIONAL 77, C.A","description":"","publisher":{"@id":"https:\/\/utopiave.com\/#organization"},"potentialAction":[{"@type":"SearchAction","target":{"@type":"EntryPoint","urlTemplate":"https:\/\/utopiave.com\/?s={search_term_string}"},"query-input":{"@type":"PropertyValueSpecification","valueRequired":true,"valueName":"search_term_string"}}],"inLanguage":"es"},{"@type":"Organization","@id":"https:\/\/utopiave.com\/#organization","name":"UTOPIA INTERNATIONAL 77, C.A","url":"https:\/\/utopiave.com\/","logo":{"@type":"ImageObject","inLanguage":"es","@id":"https:\/\/utopiave.com\/#\/schema\/logo\/image\/","url":"https:\/\/utopiave.com\/wp-content\/uploads\/2024\/09\/cropped-LOGO-UTOPIA-CON-RIF.png","contentUrl":"https:\/\/utopiave.com\/wp-content\/uploads\/2024\/09\/cropped-LOGO-UTOPIA-CON-RIF.png","width":500,"height":288,"caption":"UTOPIA INTERNATIONAL 77, C.A"},"image":{"@id":"https:\/\/utopiave.com\/#\/schema\/logo\/image\/"}}]}},"_links":{"self":[{"href":"https:\/\/utopiave.com\/index.php?rest_route=\/wp\/v2\/pages\/11412","targetHints":{"allow":["GET"]}}],"collection":[{"href":"https:\/\/utopiave.com\/index.php?rest_route=\/wp\/v2\/pages"}],"about":[{"href":"https:\/\/utopiave.com\/index.php?rest_route=\/wp\/v2\/types\/page"}],"author":[{"embeddable":true,"href":"https:\/\/utopiave.com\/index.php?rest_route=\/wp\/v2\/users\/1"}],"replies":[{"embeddable":true,"href":"https:\/\/utopiave.com\/index.php?rest_route=%2Fwp%2Fv2%2Fcomments&post=11412"}],"version-history":[{"count":6,"href":"https:\/\/utopiave.com\/index.php?rest_route=\/wp\/v2\/pages\/11412\/revisions"}],"predecessor-version":[{"id":987830,"href":"https:\/\/utopiave.com\/index.php?rest_route=\/wp\/v2\/pages\/11412\/revisions\/987830"}],"wp:attachment":[{"href":"https:\/\/utopiave.com\/index.php?rest_route=%2Fwp%2Fv2%2Fmedia&parent=11412"}],"curies":[{"name":"wp","href":"https:\/\/api.w.org\/{rel}","templated":true}]}}