{"id":11410,"date":"2016-12-05T16:27:32","date_gmt":"2016-12-05T16:27:32","guid":{"rendered":"https:\/\/consulting.vamtam.com\/?page_id=11410"},"modified":"2024-12-05T00:43:29","modified_gmt":"2024-12-05T00:43:29","slug":"about","status":"publish","type":"page","link":"https:\/\/utopiave.com\/?page_id=11410","title":{"rendered":"Acerca de Nosotros.."},"content":{"rendered":"<div class=\"vgblk-rw-wrapper limit-wrapper\">\r\n<h2>Acerca de Nosotros<\/h2>\r\n<h4>UTOP\u00cdA, Sociedad Mercantil que nace bajo la raz\u00f3n social de UTOP\u00cdA INTERNATIONAL 77, C.A., Comenz\u00f3 sus actividades en el 2018, desde entonces nos especializamos en desarrollar una labor sostenida en cuanto a servicios de consultor\u00eda, asesor\u00eda, procura de equipos y maquinarias, repuestos, herramientas y materiales, instalaciones, mantenimientos, y lo que ha desarrollo de proyectos se refiere, siendo la industria petrolera, gas\u00edfera y petroqu\u00edmica su principal cliente en el campo de ejecuci\u00f3n de obras y servicios, con personal calificado y capacitado para asumir plenamente responsabilidades en las \u00e1reas de construcci\u00f3n de obras el\u00e9ctricas, de instrumentaci\u00f3n, mec\u00e1nicas, civiles, de automatizaci\u00f3n y control, y Tecnolog\u00eda Qu\u00edmica Patentada.<\/h4>\r\n<h4>Desde entonces la empresa ha mantenido un crecimiento econ\u00f3mico y organizacional muy positivo en los servicios que presta.<\/h4>\r\n<h2>Misi\u00f3n<\/h2>\r\n<h4>Ejecutar las actividades para mantener la confiabilidad y mejorar la eficiencia operacional respondiendo satisfactoriamente a las exigencias de nuestros clientes, minimizando el impacto ambiental que se genera de los procesos productivos en la industria petrolera, petroqu\u00edmica y gas\u00edfera.<\/h4>\r\n<h2>Visi\u00f3n<\/h2>\r\n<h4>Ser reconocida como la mejor empresa en brindar soluciones eficientes y sustentables,<br \/>para el sector petrolero, petroqu\u00edmico y gas\u00edfero<\/h4>\r\n<h2>Nuestros Valores<\/h2>\r\n<p>Innovaci\u00f3n:<\/p>\r\n<p>Innovamos agregando productos \u00f3 servicios a nuestra empresa, sino que tambi\u00e9n innovamos de una manera sostenible en todas las \u00e1reas del negocio, en el que todos los involucrados ganan.<\/p>\r\n<p>Trabajo en Equipo:<\/p>\r\n<p>Trabajamos en equipo, porque la fuerza de nuestra empresa viene de cada uno de nuestros colaboradores.<\/p>\r\n<p>Compromiso Ambiental:<\/p>\r\n<p>Trabajamos enfocando y desarrollando nuestro Sistema de Gesti\u00f3n, de tal forma que nos permita asegurar que gestionamos nuestro negocio de manera justificable y rentable, para beneficiar a nuestros empleados, accionistas, clientes, el medio ambiente y la sociedad.<\/p>\r\n<p>Eficiencia y Efectividad:<\/p>\r\n<p>Centramos nuestra productividad en no hacer m\u00e1s cosas, sino hacer las cosas correctas, en el tiempo, costo y cumplimiento de metas y objetivos establecidos.<\/p>\r\n<p>\u00c9tica Profesional:<\/p>\r\n<p>Trabajamos con los m\u00e1s altos est\u00e1ndares de integridad y \u00e9tica profesional en todo lo que expresamos y hacemos, Haremos lo que es correcto, no solo lo que est\u00e1 permitido.<\/p>\r\n<p>Enfoque hacia el cliente:<\/p>\r\n<p>Nuestro objetivo como empresa es, no solo brindar un buen servicio a nuestros clientes, sino que nuestros servicios sean legendarios y de referencia en el mercado, porque la experiencia de satisfacci\u00f3n de nuestros clientes es nuestra bandera al momento de operar. Entregamos verdadero valor al comprender y servir de la mejor manera a nuestros clientes y sus necesidades. Nos esforzamos por lograr una relaci\u00f3n mutuamente beneficiosa con el cliente, en la cual el valor creado se comparte de manera justa.<\/p>\r\n<p>Compromiso Ambiental:<\/p>\r\n<p>Trabajamos enfocando y desarrollando nuestro Sistema de Gesti\u00f3n, de tal forma que nos permita asegurar que gestionamos nuestro negocio de manera justificable y rentable, para beneficiar a nuestros empleados, accionistas, clientes, el medio ambiente y la sociedad.<\/p>\r\n<p>Honestidad<\/p>\r\n<p>Ganamos la confianza de nuestros clientes al colocarlos en el centro de nuestra organizaci\u00f3n. Gracias a la transparencia de todos nuestros procesos, y la integridad que nos caracteriza, operamos y ganamos posicionamiento con un rendimiento duradero, mediante el desarrollo, el fomento y la inversi\u00f3n en el mejor talento y la gesti\u00f3n basada en el m\u00e9rito.<\/p>\r\n<h2>Nuestra Filosof\u00eda Empresarial<\/h2>\r\n<p>Durante muchos a\u00f1os hemos entregado soluciones de confiabilidad operacional a una amplia gama de proyectos, desde an\u00e1lisis qu\u00edmicos hasta el mantenimiento y asesor\u00eda industrial. Durante estos a\u00f1os en la ejecuci\u00f3n de proyectos, nuestras principales preocupaciones son la puntualidad, la calidad, la seguridad, rentabilidad y el medio ambiente, de esta forma nuestra filosof\u00eda como empresa es la soluci\u00f3n de los requerimientos y necesidades de todos nuestros clientes, demostrando un \u00e9xito impulsado por nuestra gente y su incansable enfoque en brindar resultados de la manera correcta, trabajando duro con responsabilidad operativa, ejecutando con excelencia, aplicando tecnolog\u00edas actualizadas y capturando nuevas oportunidades para el crecimiento y desarrollo continuo.<\/p>\r\n<p>Nuestro objetivo es siempre ir m\u00e1s all\u00e1, superando las expectativas y brindando un valor agregado tangible a las operaciones de nuestros clientes en cada punto de contacto. La estrategia definida busca reforzar nuestra posici\u00f3n como contratista l\u00edder en la industria el\u00e9ctrica, de petr\u00f3leo, gas y la petroqu\u00edmica, con recursos de energ\u00eda renovable, ayudando a satisfacer las necesidades sociales de una manera responsable.<\/p>\r\n<p>MENTE GLOBAL CON ENFOQUE GLOBAL<\/p>\r\n<p>Podemos emprender proyectos en cualquier parte de la regi\u00f3n debido a nuestra r\u00e1pida movilizaci\u00f3n. El activo m\u00e1s valioso<br \/>que tenemos es nuestro equipo y nuestros aliados, aportando a los proyectos su exhaustivo conocimiento y experiencia.<\/p>\r\n<p>REPUTACI\u00d3N POR LOGRAR LO IMPOSIBLE<\/p>\r\n<p>Lo imposible no nos plantea ning\u00fan desaf\u00edo; siempre hemos triunfado sobre el terreno y el clima que se presente, a trav\u00e9s de<br \/>innovaciones, metodolog\u00edas, estrategias, compromiso y profesionalismo de nuestra gente.<\/p>\r\n<p>ALIANZAS<\/p>\r\n<p>Nuestros diversos proveedores de bienes y servicios poseen equipos de vanguardia y se actualizan constantemente, incluidas<br \/>maquinar\u00edas de elevaci\u00f3n pesada, equipos relacionados con la construcci\u00f3n y la operaci\u00f3n.<\/p>\r\n<p>CULTURA ESG<\/p>\r\n<p>Somos una empresa que opera bajo el enfoque Ambiental, social y de gobernanza (ESG) priorizando las cuestiones ambientales, las cuestiones sociales y la gobernanza corporativa, con la finalidad de desarrollar una inversi\u00f3n de alto impacto en responsabilidad social.<\/p>\r\n<p>HACEMOS ESP\u00cdRITU<\/p>\r\n<p>Tenemos un historial de ejecuci\u00f3n de proyectos en condiciones y plazos desafiantes. Es este esp\u00edritu de hacer de lo imposible Un GRUPO UTOP\u00cdA POSIBLE, para ir m\u00e1s all\u00e1 de nuestras fronteras hacia un terreno inexplorado, diversificarnos en diferentes negocios, forjar una asociaci\u00f3n \u00fanica y lograr un crecimiento s\u00f3lido en nuestra experiencia empresarial.<\/p>\r\n<p>EST\u00c1NDARES<\/p>\r\n<p>Estamos dedicados a cumplir con los m\u00e1s altos est\u00e1ndares de Calidad, trabajamos bajo un sistema de gesti\u00f3n de Calidad<br \/>de acuerdo a la Norma ISO 9001:2015, y Normas y Decretos Ambientales y de Salud y Seguridad Laboral. Buscamos el sello de excelencia.<\/p>\r\n<p>En <strong>Grupo Utop\u00eda<\/strong>, creemos que el verdadero progreso se logra cuando nadie se queda atr\u00e1s. Por eso, nuestras iniciativas buscan integrar y apoyar de manera continua a nuestro equipo de profesionales altamente capacitados.<\/p>\r\n<p>Nuestro compromiso no es solo con el presente, sino con las generaciones futuras, asegurando un entorno m\u00e1s inclusivo, equitativo y pr\u00f3spero para todos. Cada esfuerzo cuenta. En Grupo Utop\u00eda, trabajamos por un ma\u00f1ana m\u00e1s justo, impulsando la educaci\u00f3n, el desarrollo y la preservaci\u00f3n del medio ambiente.<\/p>\r\n<h2>Nuestro Capital Humano<\/h2>\r\n<p><img loading=\"lazy\" decoding=\"async\" title=\"Trabajadores de la empresa\" src=\"https:\/\/utopiave.com\/wp-content\/uploads\/2024\/12\/Trabajadores-de-la-empresa.jpg\" sizes=\"auto, (max-width: 768px) 100vw, 100vw\" srcset=\"https:\/\/utopiave.com\/wp-content\/uploads\/2024\/12\/Trabajadores-de-la-empresa.jpg 1080w, https:\/\/utopiave.com\/wp-content\/uploads\/2024\/12\/Trabajadores-de-la-empresa-300x258.jpg 300w, https:\/\/utopiave.com\/wp-content\/uploads\/2024\/12\/Trabajadores-de-la-empresa-1024x880.jpg 1024w, https:\/\/utopiave.com\/wp-content\/uploads\/2024\/12\/Trabajadores-de-la-empresa-768x660.jpg 768w, https:\/\/utopiave.com\/wp-content\/uploads\/2024\/12\/Trabajadores-de-la-empresa-630x541.jpg 630w, https:\/\/utopiave.com\/wp-content\/uploads\/2024\/12\/Trabajadores-de-la-empresa-420x361.jpg 420w, https:\/\/utopiave.com\/wp-content\/uploads\/2024\/12\/Trabajadores-de-la-empresa-840x722.jpg 840w, https:\/\/utopiave.com\/wp-content\/uploads\/2024\/12\/Trabajadores-de-la-empresa-315x271.jpg 315w\" alt=\"Trabajadores de la empresa\" width=\"1080\" height=\"928\" \/><\/p>\r\n<p>En <strong>Grupo Utop\u00eda<\/strong> impulsamos el bienestar de nuestros colaboradores, fomentamos un ambiente laboral lleno de oportunidades y crecimiento profesional. La calidad de vida laboral debe considerarse parte integral del desarrollo del personal, es por ello que velar por la calidad de vida laboral de nuestros colaboradores, es una de las prioridades del Grupo Utop\u00eda, establecemos fechas propicias para dar un momento de relax y de esparcimiento, todo esto en pro de elevar el bienestar de nuestro capital humano.<\/p>\r\n<p>&nbsp;<\/p>\r\n<p>&nbsp;<\/p>\r\n<h2>\u00a1Perm\u00edtanos ayudarle!<\/h2>\r\n<p>Notice: JavaScript is required for this content.<\/p>\r\n<!-- That data is being printed as a workaround to page builders reordering the order of the scripts loaded-->\r\n<h5>+58 02122673287<br \/>oficinaprincipal@utopiave.com<\/h5>\r\n<p>Av. Blandin Calle San Marino C.C Mata. Piso 3 Oficina P3E Urbanizaci\u00f3n San Marino, Edo. Miranda C\u00f3digo Postal 1060<\/p>\r\n<p><a role=\"button\" href=\"https:\/\/utopiave.com\/?page_id=11412\" target=\"_self\"> Nuestra Direcci\u00f3n <\/a><\/p>\r\n<\/div><!-- .vgblk-rw-wrapper -->","protected":false},"excerpt":{"rendered":"<p>Acerca de Nosotros UTOP\u00cdA, Sociedad Mercantil que nace bajo la raz\u00f3n social de UTOP\u00cdA INTERNATIONAL 77, C.A., Comenz\u00f3 sus actividades en el 2018, desde entonces nos especializamos en desarrollar una&#8230;<\/p>\n","protected":false},"author":1,"featured_media":0,"parent":0,"menu_order":0,"comment_status":"closed","ping_status":"closed","template":"","meta":{"_price":"","_stock":"","_tribe_ticket_header":"","_tribe_default_ticket_provider":"","_tribe_ticket_capacity":"0","_ticket_start_date":"","_ticket_end_date":"","_tribe_ticket_show_description":"","_tribe_ticket_show_not_going":false,"_tribe_ticket_use_global_stock":"","_tribe_ticket_global_stock_level":"","_global_stock_mode":"","_global_stock_cap":"","_tribe_rsvp_for_event":"","_tribe_ticket_going_count":"","_tribe_ticket_not_going_count":"","_tribe_tickets_list":"[]","_tribe_ticket_has_attendee_info_fields":false,"footnotes":""},"class_list":["post-11410","page","type-page","status-publish","hentry"],"yoast_head":"<!-- This site is optimized with the Yoast SEO plugin v25.9 - https:\/\/yoast.com\/wordpress\/plugins\/seo\/ -->\n<title>Acerca de Nosotros.. - UTOPIA INTERNATIONAL 77, C.A<\/title>\n<meta name=\"robots\" content=\"index, follow, max-snippet:-1, max-image-preview:large, max-video-preview:-1\" \/>\n<link rel=\"canonical\" href=\"https:\/\/utopiave.com\/?page_id=11410\" \/>\n<meta property=\"og:locale\" content=\"es_ES\" \/>\n<meta property=\"og:type\" content=\"article\" \/>\n<meta property=\"og:title\" content=\"Acerca de Nosotros.. - UTOPIA INTERNATIONAL 77, C.A\" \/>\n<meta property=\"og:description\" content=\"Acerca de Nosotros UTOP\u00cdA, Sociedad Mercantil que nace bajo la raz\u00f3n social de UTOP\u00cdA INTERNATIONAL 77, C.A., Comenz\u00f3 sus actividades en el 2018, desde entonces nos especializamos en desarrollar una...\" \/>\n<meta property=\"og:url\" content=\"https:\/\/utopiave.com\/?page_id=11410\" \/>\n<meta property=\"og:site_name\" content=\"UTOPIA INTERNATIONAL 77, C.A\" \/>\n<meta property=\"article:modified_time\" content=\"2024-12-05T00:43:29+00:00\" \/>\n<meta property=\"og:image\" content=\"https:\/\/utopiave.com\/wp-content\/uploads\/2024\/12\/Trabajadores-de-la-empresa.jpg\" \/>\n<meta name=\"twitter:card\" content=\"summary_large_image\" \/>\n<meta name=\"twitter:label1\" content=\"Tiempo de lectura\" \/>\n\t<meta name=\"twitter:data1\" content=\"6 minutos\" \/>\n<script type=\"application\/ld+json\" class=\"yoast-schema-graph\">{\"@context\":\"https:\/\/schema.org\",\"@graph\":[{\"@type\":\"WebPage\",\"@id\":\"https:\/\/utopiave.com\/?page_id=11410\",\"url\":\"https:\/\/utopiave.com\/?page_id=11410\",\"name\":\"Acerca de Nosotros.. - UTOPIA INTERNATIONAL 77, C.A\",\"isPartOf\":{\"@id\":\"https:\/\/utopiave.com\/#website\"},\"primaryImageOfPage\":{\"@id\":\"https:\/\/utopiave.com\/?page_id=11410#primaryimage\"},\"image\":{\"@id\":\"https:\/\/utopiave.com\/?page_id=11410#primaryimage\"},\"thumbnailUrl\":\"https:\/\/utopiave.com\/wp-content\/uploads\/2024\/12\/Trabajadores-de-la-empresa.jpg\",\"datePublished\":\"2016-12-05T16:27:32+00:00\",\"dateModified\":\"2024-12-05T00:43:29+00:00\",\"breadcrumb\":{\"@id\":\"https:\/\/utopiave.com\/?page_id=11410#breadcrumb\"},\"inLanguage\":\"es\",\"potentialAction\":[{\"@type\":\"ReadAction\",\"target\":[\"https:\/\/utopiave.com\/?page_id=11410\"]}]},{\"@type\":\"ImageObject\",\"inLanguage\":\"es\",\"@id\":\"https:\/\/utopiave.com\/?page_id=11410#primaryimage\",\"url\":\"https:\/\/utopiave.com\/wp-content\/uploads\/2024\/12\/Trabajadores-de-la-empresa.jpg\",\"contentUrl\":\"https:\/\/utopiave.com\/wp-content\/uploads\/2024\/12\/Trabajadores-de-la-empresa.jpg\",\"width\":1080,\"height\":928},{\"@type\":\"BreadcrumbList\",\"@id\":\"https:\/\/utopiave.com\/?page_id=11410#breadcrumb\",\"itemListElement\":[{\"@type\":\"ListItem\",\"position\":1,\"name\":\"Portada\",\"item\":\"https:\/\/utopiave.com\/\"},{\"@type\":\"ListItem\",\"position\":2,\"name\":\"Acerca de Nosotros..\"}]},{\"@type\":\"WebSite\",\"@id\":\"https:\/\/utopiave.com\/#website\",\"url\":\"https:\/\/utopiave.com\/\",\"name\":\"UTOPIA INTERNATIONAL 77, C.A\",\"description\":\"\",\"publisher\":{\"@id\":\"https:\/\/utopiave.com\/#organization\"},\"potentialAction\":[{\"@type\":\"SearchAction\",\"target\":{\"@type\":\"EntryPoint\",\"urlTemplate\":\"https:\/\/utopiave.com\/?s={search_term_string}\"},\"query-input\":{\"@type\":\"PropertyValueSpecification\",\"valueRequired\":true,\"valueName\":\"search_term_string\"}}],\"inLanguage\":\"es\"},{\"@type\":\"Organization\",\"@id\":\"https:\/\/utopiave.com\/#organization\",\"name\":\"UTOPIA INTERNATIONAL 77, C.A\",\"url\":\"https:\/\/utopiave.com\/\",\"logo\":{\"@type\":\"ImageObject\",\"inLanguage\":\"es\",\"@id\":\"https:\/\/utopiave.com\/#\/schema\/logo\/image\/\",\"url\":\"https:\/\/utopiave.com\/wp-content\/uploads\/2024\/09\/cropped-LOGO-UTOPIA-CON-RIF.png\",\"contentUrl\":\"https:\/\/utopiave.com\/wp-content\/uploads\/2024\/09\/cropped-LOGO-UTOPIA-CON-RIF.png\",\"width\":500,\"height\":288,\"caption\":\"UTOPIA INTERNATIONAL 77, C.A\"},\"image\":{\"@id\":\"https:\/\/utopiave.com\/#\/schema\/logo\/image\/\"}}]}<\/script>\n<!-- \/ Yoast SEO plugin. -->","yoast_head_json":{"title":"Acerca de Nosotros.. - UTOPIA INTERNATIONAL 77, C.A","robots":{"index":"index","follow":"follow","max-snippet":"max-snippet:-1","max-image-preview":"max-image-preview:large","max-video-preview":"max-video-preview:-1"},"canonical":"https:\/\/utopiave.com\/?page_id=11410","og_locale":"es_ES","og_type":"article","og_title":"Acerca de Nosotros.. - UTOPIA INTERNATIONAL 77, C.A","og_description":"Acerca de Nosotros UTOP\u00cdA, Sociedad Mercantil que nace bajo la raz\u00f3n social de UTOP\u00cdA INTERNATIONAL 77, C.A., Comenz\u00f3 sus actividades en el 2018, desde entonces nos especializamos en desarrollar una...","og_url":"https:\/\/utopiave.com\/?page_id=11410","og_site_name":"UTOPIA INTERNATIONAL 77, C.A","article_modified_time":"2024-12-05T00:43:29+00:00","og_image":[{"url":"https:\/\/utopiave.com\/wp-content\/uploads\/2024\/12\/Trabajadores-de-la-empresa.jpg","type":"","width":"","height":""}],"twitter_card":"summary_large_image","twitter_misc":{"Tiempo de lectura":"6 minutos"},"schema":{"@context":"https:\/\/schema.org","@graph":[{"@type":"WebPage","@id":"https:\/\/utopiave.com\/?page_id=11410","url":"https:\/\/utopiave.com\/?page_id=11410","name":"Acerca de Nosotros.. - UTOPIA INTERNATIONAL 77, C.A","isPartOf":{"@id":"https:\/\/utopiave.com\/#website"},"primaryImageOfPage":{"@id":"https:\/\/utopiave.com\/?page_id=11410#primaryimage"},"image":{"@id":"https:\/\/utopiave.com\/?page_id=11410#primaryimage"},"thumbnailUrl":"https:\/\/utopiave.com\/wp-content\/uploads\/2024\/12\/Trabajadores-de-la-empresa.jpg","datePublished":"2016-12-05T16:27:32+00:00","dateModified":"2024-12-05T00:43:29+00:00","breadcrumb":{"@id":"https:\/\/utopiave.com\/?page_id=11410#breadcrumb"},"inLanguage":"es","potentialAction":[{"@type":"ReadAction","target":["https:\/\/utopiave.com\/?page_id=11410"]}]},{"@type":"ImageObject","inLanguage":"es","@id":"https:\/\/utopiave.com\/?page_id=11410#primaryimage","url":"https:\/\/utopiave.com\/wp-content\/uploads\/2024\/12\/Trabajadores-de-la-empresa.jpg","contentUrl":"https:\/\/utopiave.com\/wp-content\/uploads\/2024\/12\/Trabajadores-de-la-empresa.jpg","width":1080,"height":928},{"@type":"BreadcrumbList","@id":"https:\/\/utopiave.com\/?page_id=11410#breadcrumb","itemListElement":[{"@type":"ListItem","position":1,"name":"Portada","item":"https:\/\/utopiave.com\/"},{"@type":"ListItem","position":2,"name":"Acerca de Nosotros.."}]},{"@type":"WebSite","@id":"https:\/\/utopiave.com\/#website","url":"https:\/\/utopiave.com\/","name":"UTOPIA INTERNATIONAL 77, C.A","description":"","publisher":{"@id":"https:\/\/utopiave.com\/#organization"},"potentialAction":[{"@type":"SearchAction","target":{"@type":"EntryPoint","urlTemplate":"https:\/\/utopiave.com\/?s={search_term_string}"},"query-input":{"@type":"PropertyValueSpecification","valueRequired":true,"valueName":"search_term_string"}}],"inLanguage":"es"},{"@type":"Organization","@id":"https:\/\/utopiave.com\/#organization","name":"UTOPIA INTERNATIONAL 77, C.A","url":"https:\/\/utopiave.com\/","logo":{"@type":"ImageObject","inLanguage":"es","@id":"https:\/\/utopiave.com\/#\/schema\/logo\/image\/","url":"https:\/\/utopiave.com\/wp-content\/uploads\/2024\/09\/cropped-LOGO-UTOPIA-CON-RIF.png","contentUrl":"https:\/\/utopiave.com\/wp-content\/uploads\/2024\/09\/cropped-LOGO-UTOPIA-CON-RIF.png","width":500,"height":288,"caption":"UTOPIA INTERNATIONAL 77, C.A"},"image":{"@id":"https:\/\/utopiave.com\/#\/schema\/logo\/image\/"}}]}},"_links":{"self":[{"href":"https:\/\/utopiave.com\/index.php?rest_route=\/wp\/v2\/pages\/11410","targetHints":{"allow":["GET"]}}],"collection":[{"href":"https:\/\/utopiave.com\/index.php?rest_route=\/wp\/v2\/pages"}],"about":[{"href":"https:\/\/utopiave.com\/index.php?rest_route=\/wp\/v2\/types\/page"}],"author":[{"embeddable":true,"href":"https:\/\/utopiave.com\/index.php?rest_route=\/wp\/v2\/users\/1"}],"replies":[{"embeddable":true,"href":"https:\/\/utopiave.com\/index.php?rest_route=%2Fwp%2Fv2%2Fcomments&post=11410"}],"version-history":[{"count":28,"href":"https:\/\/utopiave.com\/index.php?rest_route=\/wp\/v2\/pages\/11410\/revisions"}],"predecessor-version":[{"id":987804,"href":"https:\/\/utopiave.com\/index.php?rest_route=\/wp\/v2\/pages\/11410\/revisions\/987804"}],"wp:attachment":[{"href":"https:\/\/utopiave.com\/index.php?rest_route=%2Fwp%2Fv2%2Fmedia&parent=11410"}],"curies":[{"name":"wp","href":"https:\/\/api.w.org\/{rel}","templated":true}]}}